{"id":34,"date":"2012-06-13T06:53:16","date_gmt":"2012-06-13T06:53:16","guid":{"rendered":"http:\/\/alte-ziegelei-am-wiehen.de\/?page_id=34"},"modified":"2013-11-12T08:39:05","modified_gmt":"2013-11-12T08:39:05","slug":"weideschweine","status":"publish","type":"page","link":"https:\/\/alte-ziegelei-am-wiehen.de\/?page_id=34","title":{"rendered":"Weideschweine vom Wiehen"},"content":{"rendered":"<p><strong>D\u00fcppeler Weideschweine vom Wiehen<\/strong><\/p>\n<p>Das Altdeutsche Hausschwein starb Mitte des letzten Jahrhunderts aus und mit Ihm die vielen Vorz\u00fcge dieser robusten Rasse. Die Geschichte dieser Altdeutschen Schweinerasse begann schon vor Jahrhunderten und wurde im gesamten Norddeutschen Raum b\u00e4uerlich gezogen. Bekannt f\u00fcr das hervorragende Fleisch und seine Vitalit\u00e4t stieg es seinerzeit zur begehrtesten Rasse auf. Doch im Rahmen der Industrialisierung der Schweinezucht wurde es an den Rand der Vergessenheit gedr\u00e4ngt. Wir haben es uns zur Aufgabe gemacht, dieses Ideal durch R\u00fcckzucht neu zu beleben und somit entstand das D\u00fcppeler Weideschwein.<br \/>\nDie \u00e4u\u00dferst nat\u00fcrliche Haltung auf der Sonnenseite des Wiehen garantiert Gesundheit und beste Qualit\u00e4t.\u00a0 Durch verantwortliches Handeln und der Liebe zur Natur m\u00f6chten wir diese Rasse weiter etablieren.<br \/>\nMachen Sie sich ein eigenes Bild und probieren Sie ein wahrhaftes St\u00fcck Natur.<br \/>\nGourmet-Qualit\u00e4t durch gesunde Haltung in freier Natur.<\/p>\n<p>Siehe auch Bericht: NW vom 30.Juni 2012 Seite Wissenschaft und Technik\u00a0\u00a0\u00a0\u00a0\u00a0\u00a0\u00a0\u00a0\u00a0\u00a0\u00a0\u00a0\u00a0\u00a0\u00a0\u00a0\u00a0\u00a0\u00a0 <strong>&#8222;Die R\u00fcckkehr der fetten Schweine<\/strong>&#8220;<\/p>\n<p>K.H. W\u00e4chter\u00a0 L\u00fcbber Siek 6\u00a0\u00a0 32609 H\u00fcllhorst\u00a0 Tel. 0170-4030955<\/p>\n\n\t\t<style type=\"text\/css\">\n\t\t\t#gallery-1 {\n\t\t\t\tmargin: auto;\n\t\t\t}\n\t\t\t#gallery-1 .gallery-item {\n\t\t\t\tfloat: left;\n\t\t\t\tmargin-top: 10px;\n\t\t\t\ttext-align: center;\n\t\t\t\twidth: 33%;\n\t\t\t}\n\t\t\t#gallery-1 img {\n\t\t\t\tborder: 2px solid #cfcfcf;\n\t\t\t}\n\t\t\t#gallery-1 .gallery-caption {\n\t\t\t\tmargin-left: 0;\n\t\t\t}\n\t\t\t\/* see gallery_shortcode() in wp-includes\/media.php *\/\n\t\t<\/style>\n\t\t<div id='gallery-1' class='gallery galleryid-34 gallery-columns-3 gallery-size-thumbnail'><dl class='gallery-item'>\n\t\t\t<dt class='gallery-icon landscape'>\n\t\t\t\t<a href='https:\/\/alte-ziegelei-am-wiehen.de\/wp-content\/uploads\/2012\/06\/IMG_3297.jpg'><img loading=\"lazy\" decoding=\"async\" width=\"150\" height=\"150\" src=\"https:\/\/alte-ziegelei-am-wiehen.de\/wp-content\/uploads\/2012\/06\/IMG_3297-150x150.jpg\" class=\"attachment-thumbnail size-thumbnail\" alt=\"\" \/><\/a>\n\t\t\t<\/dt><\/dl><dl class='gallery-item'>\n\t\t\t<dt class='gallery-icon landscape'>\n\t\t\t\t<a href='https:\/\/alte-ziegelei-am-wiehen.de\/wp-content\/uploads\/2012\/06\/IMG_3312.jpg'><img loading=\"lazy\" decoding=\"async\" width=\"150\" height=\"150\" src=\"https:\/\/alte-ziegelei-am-wiehen.de\/wp-content\/uploads\/2012\/06\/IMG_3312-150x150.jpg\" class=\"attachment-thumbnail size-thumbnail\" alt=\"\" \/><\/a>\n\t\t\t<\/dt><\/dl><dl class='gallery-item'>\n\t\t\t<dt class='gallery-icon landscape'>\n\t\t\t\t<a href='https:\/\/alte-ziegelei-am-wiehen.de\/wp-content\/uploads\/2012\/06\/IMG_3316.jpg'><img loading=\"lazy\" decoding=\"async\" width=\"150\" height=\"150\" src=\"https:\/\/alte-ziegelei-am-wiehen.de\/wp-content\/uploads\/2012\/06\/IMG_3316-150x150.jpg\" class=\"attachment-thumbnail size-thumbnail\" alt=\"\" \/><\/a>\n\t\t\t<\/dt><\/dl><br style=\"clear: both\" \/><dl class='gallery-item'>\n\t\t\t<dt class='gallery-icon landscape'>\n\t\t\t\t<a href='https:\/\/alte-ziegelei-am-wiehen.de\/wp-content\/uploads\/2012\/06\/IMG_34061.jpg'><img loading=\"lazy\" decoding=\"async\" width=\"150\" height=\"150\" src=\"https:\/\/alte-ziegelei-am-wiehen.de\/wp-content\/uploads\/2012\/06\/IMG_34061-150x150.jpg\" class=\"attachment-thumbnail size-thumbnail\" alt=\"\" \/><\/a>\n\t\t\t<\/dt><\/dl><dl class='gallery-item'>\n\t\t\t<dt class='gallery-icon landscape'>\n\t\t\t\t<a href='https:\/\/alte-ziegelei-am-wiehen.de\/wp-content\/uploads\/2012\/06\/IMG_3407.jpg'><img loading=\"lazy\" decoding=\"async\" width=\"150\" height=\"150\" src=\"https:\/\/alte-ziegelei-am-wiehen.de\/wp-content\/uploads\/2012\/06\/IMG_3407-150x150.jpg\" class=\"attachment-thumbnail size-thumbnail\" alt=\"\" \/><\/a>\n\t\t\t<\/dt><\/dl><dl class='gallery-item'>\n\t\t\t<dt class='gallery-icon landscape'>\n\t\t\t\t<a href='https:\/\/alte-ziegelei-am-wiehen.de\/wp-content\/uploads\/2012\/06\/IMG_3410.jpg'><img loading=\"lazy\" decoding=\"async\" width=\"150\" height=\"150\" src=\"https:\/\/alte-ziegelei-am-wiehen.de\/wp-content\/uploads\/2012\/06\/IMG_3410-150x150.jpg\" class=\"attachment-thumbnail size-thumbnail\" alt=\"\" \/><\/a>\n\t\t\t<\/dt><\/dl><br style=\"clear: both\" \/><dl class='gallery-item'>\n\t\t\t<dt class='gallery-icon landscape'>\n\t\t\t\t<a href='https:\/\/alte-ziegelei-am-wiehen.de\/wp-content\/uploads\/2012\/06\/IMG_3660.jpg'><img loading=\"lazy\" decoding=\"async\" width=\"150\" height=\"150\" src=\"https:\/\/alte-ziegelei-am-wiehen.de\/wp-content\/uploads\/2012\/06\/IMG_3660-150x150.jpg\" class=\"attachment-thumbnail size-thumbnail\" alt=\"\" \/><\/a>\n\t\t\t<\/dt><\/dl><dl class='gallery-item'>\n\t\t\t<dt class='gallery-icon landscape'>\n\t\t\t\t<a href='https:\/\/alte-ziegelei-am-wiehen.de\/wp-content\/uploads\/2012\/06\/IMG_3662.jpg'><img loading=\"lazy\" decoding=\"async\" width=\"150\" height=\"150\" src=\"https:\/\/alte-ziegelei-am-wiehen.de\/wp-content\/uploads\/2012\/06\/IMG_3662-150x150.jpg\" class=\"attachment-thumbnail size-thumbnail\" alt=\"\" \/><\/a>\n\t\t\t<\/dt><\/dl><dl class='gallery-item'>\n\t\t\t<dt class='gallery-icon landscape'>\n\t\t\t\t<a href='https:\/\/alte-ziegelei-am-wiehen.de\/wp-content\/uploads\/2012\/06\/IMG_3669.jpg'><img loading=\"lazy\" decoding=\"async\" width=\"150\" height=\"150\" src=\"https:\/\/alte-ziegelei-am-wiehen.de\/wp-content\/uploads\/2012\/06\/IMG_3669-150x150.jpg\" class=\"attachment-thumbnail size-thumbnail\" alt=\"\" \/><\/a>\n\t\t\t<\/dt><\/dl><br style=\"clear: both\" \/><dl class='gallery-item'>\n\t\t\t<dt class='gallery-icon landscape'>\n\t\t\t\t<a href='https:\/\/alte-ziegelei-am-wiehen.de\/wp-content\/uploads\/2012\/06\/IMG_3673.jpg'><img loading=\"lazy\" decoding=\"async\" width=\"150\" height=\"150\" src=\"https:\/\/alte-ziegelei-am-wiehen.de\/wp-content\/uploads\/2012\/06\/IMG_3673-150x150.jpg\" class=\"attachment-thumbnail size-thumbnail\" alt=\"\" \/><\/a>\n\t\t\t<\/dt><\/dl><dl class='gallery-item'>\n\t\t\t<dt class='gallery-icon landscape'>\n\t\t\t\t<a href='https:\/\/alte-ziegelei-am-wiehen.de\/wp-content\/uploads\/2012\/06\/IMG_3675.jpg'><img loading=\"lazy\" decoding=\"async\" width=\"150\" height=\"150\" src=\"https:\/\/alte-ziegelei-am-wiehen.de\/wp-content\/uploads\/2012\/06\/IMG_3675-150x150.jpg\" class=\"attachment-thumbnail size-thumbnail\" alt=\"\" \/><\/a>\n\t\t\t<\/dt><\/dl><dl class='gallery-item'>\n\t\t\t<dt class='gallery-icon landscape'>\n\t\t\t\t<a href='https:\/\/alte-ziegelei-am-wiehen.de\/wp-content\/uploads\/2012\/06\/01_WSCHW.jpg'><img loading=\"lazy\" decoding=\"async\" width=\"150\" height=\"150\" src=\"https:\/\/alte-ziegelei-am-wiehen.de\/wp-content\/uploads\/2012\/06\/01_WSCHW-150x150.jpg\" class=\"attachment-thumbnail size-thumbnail\" alt=\"\" \/><\/a>\n\t\t\t<\/dt><\/dl><br style=\"clear: both\" \/><dl class='gallery-item'>\n\t\t\t<dt class='gallery-icon landscape'>\n\t\t\t\t<a href='https:\/\/alte-ziegelei-am-wiehen.de\/wp-content\/uploads\/2012\/06\/02_WSCHW.jpg'><img loading=\"lazy\" decoding=\"async\" width=\"150\" height=\"150\" src=\"https:\/\/alte-ziegelei-am-wiehen.de\/wp-content\/uploads\/2012\/06\/02_WSCHW-150x150.jpg\" class=\"attachment-thumbnail size-thumbnail\" alt=\"\" \/><\/a>\n\t\t\t<\/dt><\/dl><dl class='gallery-item'>\n\t\t\t<dt class='gallery-icon landscape'>\n\t\t\t\t<a href='https:\/\/alte-ziegelei-am-wiehen.de\/wp-content\/uploads\/2012\/06\/03_WSCHW.jpg'><img loading=\"lazy\" decoding=\"async\" width=\"150\" height=\"150\" src=\"https:\/\/alte-ziegelei-am-wiehen.de\/wp-content\/uploads\/2012\/06\/03_WSCHW-150x150.jpg\" class=\"attachment-thumbnail size-thumbnail\" alt=\"\" \/><\/a>\n\t\t\t<\/dt><\/dl><dl class='gallery-item'>\n\t\t\t<dt class='gallery-icon landscape'>\n\t\t\t\t<a href='https:\/\/alte-ziegelei-am-wiehen.de\/wp-content\/uploads\/2012\/06\/04_WSCHW.jpg'><img loading=\"lazy\" decoding=\"async\" width=\"150\" height=\"150\" src=\"https:\/\/alte-ziegelei-am-wiehen.de\/wp-content\/uploads\/2012\/06\/04_WSCHW-150x150.jpg\" class=\"attachment-thumbnail size-thumbnail\" alt=\"\" \/><\/a>\n\t\t\t<\/dt><\/dl><br style=\"clear: both\" \/><dl class='gallery-item'>\n\t\t\t<dt class='gallery-icon landscape'>\n\t\t\t\t<a href='https:\/\/alte-ziegelei-am-wiehen.de\/wp-content\/uploads\/2012\/06\/05_WSCHW.jpg'><img loading=\"lazy\" decoding=\"async\" width=\"150\" height=\"150\" src=\"https:\/\/alte-ziegelei-am-wiehen.de\/wp-content\/uploads\/2012\/06\/05_WSCHW-150x150.jpg\" class=\"attachment-thumbnail size-thumbnail\" alt=\"\" \/><\/a>\n\t\t\t<\/dt><\/dl><dl class='gallery-item'>\n\t\t\t<dt class='gallery-icon landscape'>\n\t\t\t\t<a href='https:\/\/alte-ziegelei-am-wiehen.de\/wp-content\/uploads\/2012\/06\/06_WSCHW.jpg'><img loading=\"lazy\" decoding=\"async\" width=\"150\" height=\"150\" src=\"https:\/\/alte-ziegelei-am-wiehen.de\/wp-content\/uploads\/2012\/06\/06_WSCHW-150x150.jpg\" class=\"attachment-thumbnail size-thumbnail\" alt=\"\" \/><\/a>\n\t\t\t<\/dt><\/dl><dl class='gallery-item'>\n\t\t\t<dt class='gallery-icon landscape'>\n\t\t\t\t<a href='https:\/\/alte-ziegelei-am-wiehen.de\/wp-content\/uploads\/2012\/06\/07_WSCHW.jpg'><img loading=\"lazy\" decoding=\"async\" width=\"150\" height=\"150\" src=\"https:\/\/alte-ziegelei-am-wiehen.de\/wp-content\/uploads\/2012\/06\/07_WSCHW-150x150.jpg\" class=\"attachment-thumbnail size-thumbnail\" alt=\"\" \/><\/a>\n\t\t\t<\/dt><\/dl><br style=\"clear: both\" \/><dl class='gallery-item'>\n\t\t\t<dt class='gallery-icon landscape'>\n\t\t\t\t<a href='https:\/\/alte-ziegelei-am-wiehen.de\/wp-content\/uploads\/2012\/06\/08_WSCHW.jpg'><img loading=\"lazy\" decoding=\"async\" width=\"150\" height=\"150\" src=\"https:\/\/alte-ziegelei-am-wiehen.de\/wp-content\/uploads\/2012\/06\/08_WSCHW-150x150.jpg\" class=\"attachment-thumbnail size-thumbnail\" alt=\"\" \/><\/a>\n\t\t\t<\/dt><\/dl><dl class='gallery-item'>\n\t\t\t<dt class='gallery-icon landscape'>\n\t\t\t\t<a href='https:\/\/alte-ziegelei-am-wiehen.de\/wp-content\/uploads\/2012\/06\/09_WSCHW.jpg'><img loading=\"lazy\" decoding=\"async\" width=\"150\" height=\"150\" src=\"https:\/\/alte-ziegelei-am-wiehen.de\/wp-content\/uploads\/2012\/06\/09_WSCHW-150x150.jpg\" class=\"attachment-thumbnail size-thumbnail\" alt=\"\" \/><\/a>\n\t\t\t<\/dt><\/dl><dl class='gallery-item'>\n\t\t\t<dt class='gallery-icon landscape'>\n\t\t\t\t<a href='https:\/\/alte-ziegelei-am-wiehen.de\/wp-content\/uploads\/2012\/06\/10_WSCHW.jpg'><img loading=\"lazy\" decoding=\"async\" width=\"150\" height=\"150\" src=\"https:\/\/alte-ziegelei-am-wiehen.de\/wp-content\/uploads\/2012\/06\/10_WSCHW-150x150.jpg\" class=\"attachment-thumbnail size-thumbnail\" alt=\"\" \/><\/a>\n\t\t\t<\/dt><\/dl><br style=\"clear: both\" \/><dl class='gallery-item'>\n\t\t\t<dt class='gallery-icon landscape'>\n\t\t\t\t<a href='https:\/\/alte-ziegelei-am-wiehen.de\/wp-content\/uploads\/2012\/06\/11_WSCHW.jpg'><img loading=\"lazy\" decoding=\"async\" width=\"150\" height=\"150\" src=\"https:\/\/alte-ziegelei-am-wiehen.de\/wp-content\/uploads\/2012\/06\/11_WSCHW-150x150.jpg\" class=\"attachment-thumbnail size-thumbnail\" alt=\"\" \/><\/a>\n\t\t\t<\/dt><\/dl><dl class='gallery-item'>\n\t\t\t<dt class='gallery-icon landscape'>\n\t\t\t\t<a href='https:\/\/alte-ziegelei-am-wiehen.de\/wp-content\/uploads\/2012\/06\/12_WSCHW.jpg'><img loading=\"lazy\" decoding=\"async\" width=\"150\" height=\"150\" src=\"https:\/\/alte-ziegelei-am-wiehen.de\/wp-content\/uploads\/2012\/06\/12_WSCHW-150x150.jpg\" class=\"attachment-thumbnail size-thumbnail\" alt=\"\" \/><\/a>\n\t\t\t<\/dt><\/dl><dl class='gallery-item'>\n\t\t\t<dt class='gallery-icon landscape'>\n\t\t\t\t<a href='https:\/\/alte-ziegelei-am-wiehen.de\/wp-content\/uploads\/2012\/06\/13_WSCHW.jpg'><img loading=\"lazy\" decoding=\"async\" width=\"150\" height=\"150\" src=\"https:\/\/alte-ziegelei-am-wiehen.de\/wp-content\/uploads\/2012\/06\/13_WSCHW-150x150.jpg\" class=\"attachment-thumbnail size-thumbnail\" alt=\"\" \/><\/a>\n\t\t\t<\/dt><\/dl><br style=\"clear: both\" \/><dl class='gallery-item'>\n\t\t\t<dt class='gallery-icon landscape'>\n\t\t\t\t<a href='https:\/\/alte-ziegelei-am-wiehen.de\/wp-content\/uploads\/2012\/06\/14_WSCHW.jpg'><img loading=\"lazy\" decoding=\"async\" width=\"150\" height=\"150\" src=\"https:\/\/alte-ziegelei-am-wiehen.de\/wp-content\/uploads\/2012\/06\/14_WSCHW-150x150.jpg\" class=\"attachment-thumbnail size-thumbnail\" alt=\"\" \/><\/a>\n\t\t\t<\/dt><\/dl><dl class='gallery-item'>\n\t\t\t<dt class='gallery-icon landscape'>\n\t\t\t\t<a href='https:\/\/alte-ziegelei-am-wiehen.de\/wp-content\/uploads\/2012\/06\/15_WSCHW.jpg'><img loading=\"lazy\" decoding=\"async\" width=\"150\" height=\"150\" src=\"https:\/\/alte-ziegelei-am-wiehen.de\/wp-content\/uploads\/2012\/06\/15_WSCHW-150x150.jpg\" class=\"attachment-thumbnail size-thumbnail\" alt=\"\" \/><\/a>\n\t\t\t<\/dt><\/dl>\n\t\t\t<br style='clear: both' \/>\n\t\t<\/div>\n\n<p><strong>Die D\u00fcppeler Weideschweine<\/strong><br \/>\nDer Typus des Deutschen Weideschweines ist Mitte der 60er Jahre ausgestorben. Im Rahmen einer m\u00f6glichst zeitgen\u00f6ssischen Ausgestaltung des Museumsdorfes D\u00fcppel bei Berlin wurde im Jahre 1981 von dem Genetiker Prof. Dr. W. Plarre ein R\u00fcckz\u00fcchtungs- programm f\u00fcr das mittelalterliche Weideschwein ins Leben gerufen. Seit Anfang der 90er Jahre existiert eine weitgehend homogene Gr\u00fcnderpopulation. Sie setzt sich aus etwa 40% Wollschwein-, 33% Wildschwein-, 19% Rotbuntes- und 8% Veredeltes Landschwein-Anteilen zusammen.<\/p>\n<p><strong>Als wichtigste Zuchtziele des D\u00fcppeler Weideschweins gelten:<\/strong><br \/>\n<strong>\u00c4u\u00dfere Merkmale:<\/strong><br \/>\nmittelgro\u00df, hochbeinig (marscht\u00fcchtig), langsch\u00e4delig, Stehohren, Karpfenr\u00fccken, flachrippig, farbverschieden (ganzfarbig, rotbraun, graubraun bis schwarzbraun und gelb bis wei\u00df gefleckt), starke Borsten besonders auf dem R\u00fccken (Kamm), im gro\u00dfen und ganzen noch sehr wildschwein\u00e4hnlich<\/p>\n<p><strong>Verhalten und Leistungsmerkmale:<\/strong><br \/>\nsp\u00e4treif, fruchtbar (10 Ferkel und mehr), f\u00fcrsorglich bei der Ferkelaufzucht (m\u00fctterlich), mastf\u00e4hig (Fettansatz), robust, widerstandsf\u00e4hig gegen Witterungsbedingungen (H\u00fcttenhaltung), stressresistent, Zusammenleben in Gro\u00dffamilie als Rotte<\/p>\n","protected":false},"excerpt":{"rendered":"<p>D\u00fcppeler Weideschweine vom Wiehen Das Altdeutsche Hausschwein starb Mitte des letzten Jahrhunderts aus und mit Ihm die vielen Vorz\u00fcge dieser robusten Rasse. Die Geschichte dieser Altdeutschen Schweinerasse begann schon vor Jahrhunderten und wurde im gesamten Norddeutschen Raum b\u00e4uerlich gezogen. Bekannt &hellip; <a href=\"https:\/\/alte-ziegelei-am-wiehen.de\/?page_id=34\">Weiterlesen <span class=\"meta-nav\">&rarr;<\/span><\/a><\/p>\n","protected":false},"author":1,"featured_media":0,"parent":0,"menu_order":0,"comment_status":"closed","ping_status":"closed","template":"","meta":{"footnotes":""},"class_list":["post-34","page","type-page","status-publish","hentry"],"_links":{"self":[{"href":"https:\/\/alte-ziegelei-am-wiehen.de\/index.php?rest_route=\/wp\/v2\/pages\/34","targetHints":{"allow":["GET"]}}],"collection":[{"href":"https:\/\/alte-ziegelei-am-wiehen.de\/index.php?rest_route=\/wp\/v2\/pages"}],"about":[{"href":"https:\/\/alte-ziegelei-am-wiehen.de\/index.php?rest_route=\/wp\/v2\/types\/page"}],"author":[{"embeddable":true,"href":"https:\/\/alte-ziegelei-am-wiehen.de\/index.php?rest_route=\/wp\/v2\/users\/1"}],"replies":[{"embeddable":true,"href":"https:\/\/alte-ziegelei-am-wiehen.de\/index.php?rest_route=%2Fwp%2Fv2%2Fcomments&post=34"}],"version-history":[{"count":12,"href":"https:\/\/alte-ziegelei-am-wiehen.de\/index.php?rest_route=\/wp\/v2\/pages\/34\/revisions"}],"predecessor-version":[{"id":1486,"href":"https:\/\/alte-ziegelei-am-wiehen.de\/index.php?rest_route=\/wp\/v2\/pages\/34\/revisions\/1486"}],"wp:attachment":[{"href":"https:\/\/alte-ziegelei-am-wiehen.de\/index.php?rest_route=%2Fwp%2Fv2%2Fmedia&parent=34"}],"curies":[{"name":"wp","href":"https:\/\/api.w.org\/{rel}","templated":true}]}}