{"id":32,"date":"2012-06-13T06:52:58","date_gmt":"2012-06-13T06:52:58","guid":{"rendered":"http:\/\/alte-ziegelei-am-wiehen.de\/?page_id=32"},"modified":"2012-08-09T17:25:20","modified_gmt":"2012-08-09T17:25:20","slug":"bbq","status":"publish","type":"page","link":"https:\/\/alte-ziegelei-am-wiehen.de\/?page_id=32","title":{"rendered":"BBQ"},"content":{"rendered":"<p><strong>Herzlich Willkommen bei unserem Barbecue Catering Service<\/strong><\/p>\n<p>Machen Sie Ihre Grillparty zum Event, indem Sie ihren G\u00e4sten etwas Einzigartiges bieten.<br \/>\nDas besondere Geschmackserlebnis ist unser D\u00fcppeler Weideschwein vom Grill, aus eigener Haltung. Rind, Gefl\u00fcgel-und Lammfleisch beziehen wir von regionalen Erzeugern aus artgerechter Haltung.<br \/>\nWir grillen mit einem Holzfeuer (Buche) bei niedrigen Temperaturen, was das Fleisch besonders zart und saftig macht.<br \/>\nSie k\u00f6nnen uns buchen bei Hochzeiten, Geburtstagen, Sommerfesten, Weihnachtsfeiern, Messen oder Firmenjubil\u00e4en. Kontakt: 0170-4030955<\/p>\n<p><strong>Referenzen:<\/strong><\/p>\n<p><strong>Gartenparty 50 Jahre Andy ca.130 G\u00e4ste<\/strong><br \/>\n1 Weideschwein am Grill, 2 Schinken vom Weideschwein im Smooker, Beilagen<\/p>\n<p><strong>Silberfete bei Dirk u. Anke ca. 110 G\u00e4ste<\/strong><br \/>\n1 Weideschwein am Grill, Grillspezialit\u00e4ten,\u00a0 Beilagen aus der Pfanne<\/p>\n<p><strong>Autohaus Seat Schneider L\u00fcbbecke ca. 80 G\u00e4ste<\/strong><br \/>\n1 Weideschwein am Grill, Beilagen aus der Pfanne<\/p>\n<p><strong>SmartHouse L\u00f6hne, Openhouse 2012 ca. 300 G\u00e4ste<\/strong><br \/>\nGrillspezialit\u00e4ten vom Rost<\/p>\n<p><strong>Gartenparty am Pool &#8220; 25 Jahre Daniel ca. 50 G\u00e4ste &#8222;<\/strong><br \/>\n1 Weideschwein am Grill<\/p>\n\n\t\t<style type=\"text\/css\">\n\t\t\t#gallery-1 {\n\t\t\t\tmargin: auto;\n\t\t\t}\n\t\t\t#gallery-1 .gallery-item {\n\t\t\t\tfloat: left;\n\t\t\t\tmargin-top: 10px;\n\t\t\t\ttext-align: center;\n\t\t\t\twidth: 33%;\n\t\t\t}\n\t\t\t#gallery-1 img {\n\t\t\t\tborder: 2px solid #cfcfcf;\n\t\t\t}\n\t\t\t#gallery-1 .gallery-caption {\n\t\t\t\tmargin-left: 0;\n\t\t\t}\n\t\t\t\/* see gallery_shortcode() in wp-includes\/media.php *\/\n\t\t<\/style>\n\t\t<div id='gallery-1' class='gallery galleryid-32 gallery-columns-3 gallery-size-thumbnail'><dl class='gallery-item'>\n\t\t\t<dt class='gallery-icon landscape'>\n\t\t\t\t<a href='https:\/\/alte-ziegelei-am-wiehen.de\/wp-content\/uploads\/2012\/06\/01.Andy_.jpg'><img loading=\"lazy\" decoding=\"async\" width=\"150\" height=\"150\" src=\"https:\/\/alte-ziegelei-am-wiehen.de\/wp-content\/uploads\/2012\/06\/01.Andy_-150x150.jpg\" class=\"attachment-thumbnail size-thumbnail\" alt=\"\" \/><\/a>\n\t\t\t<\/dt><\/dl><dl class='gallery-item'>\n\t\t\t<dt class='gallery-icon landscape'>\n\t\t\t\t<a href='https:\/\/alte-ziegelei-am-wiehen.de\/wp-content\/uploads\/2012\/06\/02.Andy_.jpg'><img loading=\"lazy\" decoding=\"async\" width=\"150\" height=\"150\" src=\"https:\/\/alte-ziegelei-am-wiehen.de\/wp-content\/uploads\/2012\/06\/02.Andy_-150x150.jpg\" class=\"attachment-thumbnail size-thumbnail\" alt=\"\" \/><\/a>\n\t\t\t<\/dt><\/dl><dl class='gallery-item'>\n\t\t\t<dt class='gallery-icon landscape'>\n\t\t\t\t<a href='https:\/\/alte-ziegelei-am-wiehen.de\/wp-content\/uploads\/2012\/06\/03.Andy_.jpg'><img loading=\"lazy\" decoding=\"async\" width=\"150\" height=\"150\" src=\"https:\/\/alte-ziegelei-am-wiehen.de\/wp-content\/uploads\/2012\/06\/03.Andy_-150x150.jpg\" class=\"attachment-thumbnail size-thumbnail\" alt=\"\" \/><\/a>\n\t\t\t<\/dt><\/dl><br style=\"clear: both\" \/><dl class='gallery-item'>\n\t\t\t<dt class='gallery-icon landscape'>\n\t\t\t\t<a href='https:\/\/alte-ziegelei-am-wiehen.de\/wp-content\/uploads\/2012\/06\/04.Andy_.jpg'><img loading=\"lazy\" decoding=\"async\" width=\"150\" height=\"150\" src=\"https:\/\/alte-ziegelei-am-wiehen.de\/wp-content\/uploads\/2012\/06\/04.Andy_-150x150.jpg\" class=\"attachment-thumbnail size-thumbnail\" alt=\"\" \/><\/a>\n\t\t\t<\/dt><\/dl><dl class='gallery-item'>\n\t\t\t<dt class='gallery-icon landscape'>\n\t\t\t\t<a href='https:\/\/alte-ziegelei-am-wiehen.de\/wp-content\/uploads\/2012\/06\/05.Andy_.jpg'><img loading=\"lazy\" decoding=\"async\" width=\"150\" height=\"150\" src=\"https:\/\/alte-ziegelei-am-wiehen.de\/wp-content\/uploads\/2012\/06\/05.Andy_-150x150.jpg\" class=\"attachment-thumbnail size-thumbnail\" alt=\"\" \/><\/a>\n\t\t\t<\/dt><\/dl><dl class='gallery-item'>\n\t\t\t<dt class='gallery-icon landscape'>\n\t\t\t\t<a href='https:\/\/alte-ziegelei-am-wiehen.de\/wp-content\/uploads\/2012\/06\/06.Andy_.jpg'><img loading=\"lazy\" decoding=\"async\" width=\"150\" height=\"150\" src=\"https:\/\/alte-ziegelei-am-wiehen.de\/wp-content\/uploads\/2012\/06\/06.Andy_-150x150.jpg\" class=\"attachment-thumbnail size-thumbnail\" alt=\"\" \/><\/a>\n\t\t\t<\/dt><\/dl><br style=\"clear: both\" \/><dl class='gallery-item'>\n\t\t\t<dt class='gallery-icon landscape'>\n\t\t\t\t<a href='https:\/\/alte-ziegelei-am-wiehen.de\/wp-content\/uploads\/2012\/06\/07.A+D.jpg'><img loading=\"lazy\" decoding=\"async\" width=\"150\" height=\"150\" src=\"https:\/\/alte-ziegelei-am-wiehen.de\/wp-content\/uploads\/2012\/06\/07.A+D-150x150.jpg\" class=\"attachment-thumbnail size-thumbnail\" alt=\"\" \/><\/a>\n\t\t\t<\/dt><\/dl><dl class='gallery-item'>\n\t\t\t<dt class='gallery-icon landscape'>\n\t\t\t\t<a href='https:\/\/alte-ziegelei-am-wiehen.de\/wp-content\/uploads\/2012\/06\/08.A+D.jpg'><img loading=\"lazy\" decoding=\"async\" width=\"150\" height=\"150\" src=\"https:\/\/alte-ziegelei-am-wiehen.de\/wp-content\/uploads\/2012\/06\/08.A+D-150x150.jpg\" class=\"attachment-thumbnail size-thumbnail\" alt=\"\" \/><\/a>\n\t\t\t<\/dt><\/dl><dl class='gallery-item'>\n\t\t\t<dt class='gallery-icon landscape'>\n\t\t\t\t<a href='https:\/\/alte-ziegelei-am-wiehen.de\/wp-content\/uploads\/2012\/06\/09.A+D.jpg'><img loading=\"lazy\" decoding=\"async\" width=\"150\" height=\"150\" src=\"https:\/\/alte-ziegelei-am-wiehen.de\/wp-content\/uploads\/2012\/06\/09.A+D-150x150.jpg\" class=\"attachment-thumbnail size-thumbnail\" alt=\"\" \/><\/a>\n\t\t\t<\/dt><\/dl><br style=\"clear: both\" \/><dl class='gallery-item'>\n\t\t\t<dt class='gallery-icon landscape'>\n\t\t\t\t<a href='https:\/\/alte-ziegelei-am-wiehen.de\/wp-content\/uploads\/2012\/06\/10.A+D.jpg'><img loading=\"lazy\" decoding=\"async\" width=\"150\" height=\"150\" src=\"https:\/\/alte-ziegelei-am-wiehen.de\/wp-content\/uploads\/2012\/06\/10.A+D-150x150.jpg\" class=\"attachment-thumbnail size-thumbnail\" alt=\"\" \/><\/a>\n\t\t\t<\/dt><\/dl><dl class='gallery-item'>\n\t\t\t<dt class='gallery-icon landscape'>\n\t\t\t\t<a href='https:\/\/alte-ziegelei-am-wiehen.de\/wp-content\/uploads\/2012\/06\/11.A+D.jpg'><img loading=\"lazy\" decoding=\"async\" width=\"150\" height=\"150\" src=\"https:\/\/alte-ziegelei-am-wiehen.de\/wp-content\/uploads\/2012\/06\/11.A+D-150x150.jpg\" class=\"attachment-thumbnail size-thumbnail\" alt=\"\" \/><\/a>\n\t\t\t<\/dt><\/dl><dl class='gallery-item'>\n\t\t\t<dt class='gallery-icon landscape'>\n\t\t\t\t<a href='https:\/\/alte-ziegelei-am-wiehen.de\/wp-content\/uploads\/2012\/06\/12.A+D.jpg'><img loading=\"lazy\" decoding=\"async\" width=\"150\" height=\"150\" src=\"https:\/\/alte-ziegelei-am-wiehen.de\/wp-content\/uploads\/2012\/06\/12.A+D-150x150.jpg\" class=\"attachment-thumbnail size-thumbnail\" alt=\"\" \/><\/a>\n\t\t\t<\/dt><\/dl><br style=\"clear: both\" \/><dl class='gallery-item'>\n\t\t\t<dt class='gallery-icon landscape'>\n\t\t\t\t<a href='https:\/\/alte-ziegelei-am-wiehen.de\/wp-content\/uploads\/2012\/06\/13.Daniel.jpg'><img loading=\"lazy\" decoding=\"async\" width=\"150\" height=\"150\" src=\"https:\/\/alte-ziegelei-am-wiehen.de\/wp-content\/uploads\/2012\/06\/13.Daniel-150x150.jpg\" class=\"attachment-thumbnail size-thumbnail\" alt=\"\" \/><\/a>\n\t\t\t<\/dt><\/dl><dl class='gallery-item'>\n\t\t\t<dt class='gallery-icon landscape'>\n\t\t\t\t<a href='https:\/\/alte-ziegelei-am-wiehen.de\/wp-content\/uploads\/2012\/06\/14.Daniel.jpg'><img loading=\"lazy\" decoding=\"async\" width=\"150\" height=\"150\" src=\"https:\/\/alte-ziegelei-am-wiehen.de\/wp-content\/uploads\/2012\/06\/14.Daniel-150x150.jpg\" class=\"attachment-thumbnail size-thumbnail\" alt=\"\" \/><\/a>\n\t\t\t<\/dt><\/dl><dl class='gallery-item'>\n\t\t\t<dt class='gallery-icon landscape'>\n\t\t\t\t<a href='https:\/\/alte-ziegelei-am-wiehen.de\/wp-content\/uploads\/2012\/06\/15.Daniel.jpg'><img loading=\"lazy\" decoding=\"async\" width=\"150\" height=\"150\" src=\"https:\/\/alte-ziegelei-am-wiehen.de\/wp-content\/uploads\/2012\/06\/15.Daniel-150x150.jpg\" class=\"attachment-thumbnail size-thumbnail\" alt=\"\" \/><\/a>\n\t\t\t<\/dt><\/dl><br style=\"clear: both\" \/><dl class='gallery-item'>\n\t\t\t<dt class='gallery-icon landscape'>\n\t\t\t\t<a href='https:\/\/alte-ziegelei-am-wiehen.de\/wp-content\/uploads\/2012\/06\/16.Daniel.jpg'><img loading=\"lazy\" decoding=\"async\" width=\"150\" height=\"150\" src=\"https:\/\/alte-ziegelei-am-wiehen.de\/wp-content\/uploads\/2012\/06\/16.Daniel-150x150.jpg\" class=\"attachment-thumbnail size-thumbnail\" alt=\"\" \/><\/a>\n\t\t\t<\/dt><\/dl><dl class='gallery-item'>\n\t\t\t<dt class='gallery-icon landscape'>\n\t\t\t\t<a href='https:\/\/alte-ziegelei-am-wiehen.de\/wp-content\/uploads\/2012\/06\/17.Daniel.jpg'><img loading=\"lazy\" decoding=\"async\" width=\"150\" height=\"150\" src=\"https:\/\/alte-ziegelei-am-wiehen.de\/wp-content\/uploads\/2012\/06\/17.Daniel-150x150.jpg\" class=\"attachment-thumbnail size-thumbnail\" alt=\"\" \/><\/a>\n\t\t\t<\/dt><\/dl>\n\t\t\t<br style='clear: both' \/>\n\t\t<\/div>\n\n<p><strong><br \/>\n<\/strong><\/p>\n<p>&nbsp;<\/p>\n<p>&nbsp;<\/p>\n<p>&nbsp;<\/p>\n<p>&nbsp;<\/p>\n","protected":false},"excerpt":{"rendered":"<p>Herzlich Willkommen bei unserem Barbecue Catering Service Machen Sie Ihre Grillparty zum Event, indem Sie ihren G\u00e4sten etwas Einzigartiges bieten. Das besondere Geschmackserlebnis ist unser D\u00fcppeler Weideschwein vom Grill, aus eigener Haltung. Rind, Gefl\u00fcgel-und Lammfleisch beziehen wir von regionalen Erzeugern &hellip; <a href=\"https:\/\/alte-ziegelei-am-wiehen.de\/?page_id=32\">Weiterlesen <span class=\"meta-nav\">&rarr;<\/span><\/a><\/p>\n","protected":false},"author":1,"featured_media":0,"parent":0,"menu_order":2,"comment_status":"closed","ping_status":"closed","template":"","meta":{"footnotes":""},"class_list":["post-32","page","type-page","status-publish","hentry"],"_links":{"self":[{"href":"https:\/\/alte-ziegelei-am-wiehen.de\/index.php?rest_route=\/wp\/v2\/pages\/32","targetHints":{"allow":["GET"]}}],"collection":[{"href":"https:\/\/alte-ziegelei-am-wiehen.de\/index.php?rest_route=\/wp\/v2\/pages"}],"about":[{"href":"https:\/\/alte-ziegelei-am-wiehen.de\/index.php?rest_route=\/wp\/v2\/types\/page"}],"author":[{"embeddable":true,"href":"https:\/\/alte-ziegelei-am-wiehen.de\/index.php?rest_route=\/wp\/v2\/users\/1"}],"replies":[{"embeddable":true,"href":"https:\/\/alte-ziegelei-am-wiehen.de\/index.php?rest_route=%2Fwp%2Fv2%2Fcomments&post=32"}],"version-history":[{"count":33,"href":"https:\/\/alte-ziegelei-am-wiehen.de\/index.php?rest_route=\/wp\/v2\/pages\/32\/revisions"}],"predecessor-version":[{"id":1855,"href":"https:\/\/alte-ziegelei-am-wiehen.de\/index.php?rest_route=\/wp\/v2\/pages\/32\/revisions\/1855"}],"wp:attachment":[{"href":"https:\/\/alte-ziegelei-am-wiehen.de\/index.php?rest_route=%2Fwp%2Fv2%2Fmedia&parent=32"}],"curies":[{"name":"wp","href":"https:\/\/api.w.org\/{rel}","templated":true}]}}